{"id":250,"date":"2020-09-09T06:16:51","date_gmt":"2020-09-09T06:16:51","guid":{"rendered":"http:\/\/35.195.142.154\/?page_id=8"},"modified":"2026-01-01T21:12:36","modified_gmt":"2026-01-01T20:12:36","slug":"accueil","status":"publish","type":"page","link":"https:\/\/lesfelinsbeciles.be\/","title":{"rendered":"Accueil"},"content":{"rendered":"\n<p>Bienvenue sur le site de l&rsquo;\u00e9quipe d&rsquo;improvisateurs amateurs \u00ab\u00a0Les F\u00e9linsB\u00e9ciles\u00a0\u00bb. Jouteurs, leaders, pointeurs, trappeurs : notre \u00e9quipe plante ses griffes et endosse tous les r\u00f4les!  D\u00e9couvrez ici nos actualit\u00e9s et nos \u00ab\u00a0carnets v\u00e9t\u00e9\u00a0\u00bb.<\/p>\n\n\n\n<blockquote class=\"wp-block-quote is-layout-flow wp-block-quote-is-layout-flow\">\n<p><strong>Programme 2025 -2026 <\/strong><\/p>\n<\/blockquote>\n\n\n\n<div class=\"wp-block-group\"><div class=\"wp-block-group__inner-container is-layout-constrained wp-block-group-is-layout-constrained\">\n<figure class=\"wp-block-image size-large\"><img loading=\"lazy\" decoding=\"async\" width=\"724\" height=\"1024\" src=\"https:\/\/lesfelinsbeciles.be\/wp-content\/uploads\/2026\/01\/agenda-2026-724x1024.jpg\" alt=\"\" class=\"wp-image-919\" srcset=\"https:\/\/lesfelinsbeciles.be\/wp-content\/uploads\/2026\/01\/agenda-2026-724x1024.jpg 724w, https:\/\/lesfelinsbeciles.be\/wp-content\/uploads\/2026\/01\/agenda-2026-212x300.jpg 212w, https:\/\/lesfelinsbeciles.be\/wp-content\/uploads\/2026\/01\/agenda-2026-768x1086.jpg 768w, https:\/\/lesfelinsbeciles.be\/wp-content\/uploads\/2026\/01\/agenda-2026-1086x1536.jpg 1086w, https:\/\/lesfelinsbeciles.be\/wp-content\/uploads\/2026\/01\/agenda-2026-1200x1697.jpg 1200w, https:\/\/lesfelinsbeciles.be\/wp-content\/uploads\/2026\/01\/agenda-2026.jpg 1414w\" sizes=\"auto, (max-width: 724px) 100vw, 724px\" \/><\/figure>\n<\/div><\/div>\n\n\n\n<p><\/p>\n\n\n\n<div class=\"wp-block-columns is-layout-flex wp-container-core-columns-is-layout-9d6595d7 wp-block-columns-is-layout-flex\">\n<div class=\"wp-block-column is-layout-flow wp-block-column-is-layout-flow\" style=\"flex-basis:100%\"><!=========Events list Template 2.6.2=========><div id=\"ect-events-list-content\"><div id=\"list-wrp\" class=\"ect-list-wrapper all\"><div id=\"event-933\" class=\"ect-list-post style-1 ect-simple-event future\"><div class=\"ect-list-post-left \">\n\t\t\t\t<div class=\"ect-list-img\" style=\"background-image:url(&#039;https:\/\/lesfelinsbeciles.be\/wp-content\/uploads\/2026\/01\/visu-flyer-Les-FelinsBeciles-16052026-1-724x1024.png&#039;);background-size:cover;\"><a href=\"https:\/\/lesfelinsbeciles.be\/index.php\/event\/les-felins-les-matagots-gap-france\/\" alt=\"Les F\u00e9lins &#038; Les Matagots (Gap &#8211; France) &#8211; La Bouteillerie\" rel=\"bookmark\"><div class=\"ect-list-date\"><div class=\"ect-date-area default-schedule\"><span class=\"ev-day\">16<\/span>\n\t\t\t\t\t<span class=\"ev-mo\">mai<\/span>\n\t\t\t\t\t<span class=\"ev-yr\">2026<\/span><\/div><\/div><\/a><\/div><\/div><!-- left-post close --><div class=\"ect-list-post-right\">\n\t\t\t\t<div class=\"ect-list-post-right-table\"><div class=\"ect-list-description\"><h2 class=\"ect-list-title\"><a class=\"ect-event-url\" href=\"https:\/\/lesfelinsbeciles.be\/index.php\/event\/les-felins-les-matagots-gap-france\/\" rel=\"bookmark\">Les F\u00e9lins &#038; Les Matagots (Gap &#8211; France) &#8211; La Bouteillerie<\/a><\/h2><!-- Event Content --><div class=\"ect-event-content\"><p>\u00a0\ud835\udc02\ud835\udc07\ud835\udc0e\ud835\udc02 \ud835\udc03\ud835\udc04\ud835\udc12 \ud835\udc12\ud835\udc0e\ud835\udc0c\ud835\udc0c\ud835\udc04\ud835\udc13\ud835\udc12 : \ud835\udc10\ud835\udc2e\ud835\udc1a\ud835\udc27\ud835\udc1d \ud835\udc25\ud835\udc1e \ud835\udc13\ud835\udc1e\ud835\udc2b\ud835\udc2b\ud835\udc22\ud835\udc25 \ud835\udc2b\ud835\udc1e\ud835\udc27\ud835\udc1c\ud835\udc28\ud835\udc27\ud835\udc2d\ud835\udc2b\ud835\udc1e \ud835\udc25\ud835\udc1e\ud835\udc2c \ud835\udc00\ud835\udc25\ud835\udc29\ud835\udc1e\ud835\udc2c !\u00a0 . Vous pensiez avoir tout vu ? Attachez vos ceintures, car la rencontre la plus improbable de l\u2019ann\u00e9e d\u00e9barque [&hellip;]<\/p>\n<\/div><!-- Event Ticket Price Info -->\n                 <div class=\"ect-rate-area\">\n                 <span class=\"ect-icon\"><i class=\"ect-icon-ticket\"><\/i><\/span>\n                 <span class=\"ect-rate\">\u20ac8<\/span>\n                 <\/div><a href=\"https:\/\/lesfelinsbeciles.be\/index.php\/event\/les-felins-les-matagots-gap-france\/\" class=\"ect-events-read-more\" rel=\"bookmark\">Find out more<\/a><\/div><div class=\"ect-list-venue default-venue\"><span class=\"ect-icon\"><i class=\"ect-icon-location\"><\/i><\/span><!-- Event Venue Info -->\n\t\t\t\t\t\t\t<span class=\"ect-venue-details ect-address\">\n\t\t\t\t\t\t\t<div>La Bouteillerie,<span class=\"tribe-address\">\n\n<span class=\"tribe-street-address\">Boulevard du Nord<\/span>\n\t\n\t\t<br>\n\t\t<span class=\"tribe-locality\">Fontaine-l&#039;\u00c9v\u00eaque<\/span><span class=\"tribe-delimiter\">,<\/span>\n\n\t<abbr class=\"tribe-region tribe-events-abbr\" title=\"Hainaut\">Hainaut<\/abbr>\n\n\t<span class=\"tribe-postal-code\">6140<\/span>\n\n\t<span class=\"tribe-country-name\">Belgium<\/span>\n\n<\/span>\n<\/div><span class=\"ect-google\"><a class=\"tribe-events-gmap\" href=\"https:\/\/maps.google.com\/maps?f=q&#038;source=s_q&#038;hl=en&#038;geocode=&#038;q=Boulevard+du+Nord+Fontaine-l%26%23039%3B%C3%89v%C3%AAque+Hainaut+6140+Belgium\" title=\"Cliquez pour voir une carte Google Map\" target=\"_blank\" rel=\"noreferrer noopener\">+ Google Map<\/a><\/span><\/span><\/div><\/div><\/div><!-- right-wrapper close --><\/div><!-- event-loop-end --><div id=\"event-937\" class=\"ect-list-post style-1 ect-simple-event future\"><div class=\"ect-list-post-left \">\n\t\t\t\t<div class=\"ect-list-img\" style=\"background-image:url(&#039;https:\/\/lesfelinsbeciles.be\/wp-content\/uploads\/2026\/01\/visu-flyer-Les-FelinsBeciles-12062026-724x1024.png&#039;);background-size:cover;\"><a href=\"https:\/\/lesfelinsbeciles.be\/index.php\/event\/les-felins-concept-au-livre-ou-verre\/\" alt=\"Les F\u00e9lins &#8211; concept au Livre ou Verre\" rel=\"bookmark\"><div class=\"ect-list-date\"><div class=\"ect-date-area default-schedule\"><span class=\"ev-day\">12<\/span>\n\t\t\t\t\t<span class=\"ev-mo\">juin<\/span>\n\t\t\t\t\t<span class=\"ev-yr\">2026<\/span><\/div><\/div><\/a><\/div><\/div><!-- left-post close --><div class=\"ect-list-post-right\">\n\t\t\t\t<div class=\"ect-list-post-right-table\"><div class=\"ect-list-description\"><h2 class=\"ect-list-title\"><a class=\"ect-event-url\" href=\"https:\/\/lesfelinsbeciles.be\/index.php\/event\/les-felins-concept-au-livre-ou-verre\/\" rel=\"bookmark\">Les F\u00e9lins &#8211; concept au Livre ou Verre<\/a><\/h2><!-- Event Content --><div class=\"ect-event-content\"><\/div><!-- Event Ticket Price Info -->\n                 <div class=\"ect-rate-area\">\n                 <span class=\"ect-icon\"><i class=\"ect-icon-ticket\"><\/i><\/span>\n                 <span class=\"ect-rate\">\u20ac8<\/span>\n                 <\/div><a href=\"https:\/\/lesfelinsbeciles.be\/index.php\/event\/les-felins-concept-au-livre-ou-verre\/\" class=\"ect-events-read-more\" rel=\"bookmark\">Find out more<\/a><\/div><div class=\"ect-list-venue default-venue\"><span class=\"ect-icon\"><i class=\"ect-icon-location\"><\/i><\/span><!-- Event Venue Info -->\n\t\t\t\t\t\t\t<span class=\"ect-venue-details ect-address\">\n\t\t\t\t\t\t\t<div>Livre ou verre,<span class=\"tribe-address\">\n\n<span class=\"tribe-street-address\">Le Passage de la Bourse 6\/24<\/span>\n\t\n\t\t<br>\n\t\t<span class=\"tribe-locality\">Charleroi<\/span><span class=\"tribe-delimiter\">,<\/span>\n\n\t<abbr class=\"tribe-region tribe-events-abbr\" title=\"Hainaut\">Hainaut<\/abbr>\n\n\t<span class=\"tribe-postal-code\">6000<\/span>\n\n\t<span class=\"tribe-country-name\">Belgique<\/span>\n\n<\/span>\n<\/div><span class=\"ect-google\"><a class=\"tribe-events-gmap\" href=\"https:\/\/maps.google.com\/maps?f=q&#038;source=s_q&#038;hl=en&#038;geocode=&#038;q=Le+Passage+de+la+Bourse+6%2F24+Charleroi+Hainaut+6000+Belgique\" title=\"Cliquez pour voir une carte Google Map\" target=\"_blank\" rel=\"noreferrer noopener\">+ Google Map<\/a><\/span><\/span><\/div><\/div><\/div><!-- right-wrapper close --><\/div><!-- event-loop-end --><\/div><\/div><\/div>\n<\/div>\n","protected":false},"excerpt":{"rendered":"<p>Bienvenue sur le site de l&rsquo;\u00e9quipe d&rsquo;improvisateurs amateurs \u00ab\u00a0Les F\u00e9linsB\u00e9ciles\u00a0\u00bb. Jouteurs, leaders, pointeurs, trappeurs : notre \u00e9quipe plante ses griffes et endosse tous les r\u00f4les! D\u00e9couvrez ici nos actualit\u00e9s et [&hellip;]<\/p>\n","protected":false},"author":1,"featured_media":0,"parent":0,"menu_order":0,"comment_status":"closed","ping_status":"closed","template":"","meta":{"footnotes":""},"class_list":["post-250","page","type-page","status-publish","hentry"],"_links":{"self":[{"href":"https:\/\/lesfelinsbeciles.be\/index.php\/wp-json\/wp\/v2\/pages\/250","targetHints":{"allow":["GET"]}}],"collection":[{"href":"https:\/\/lesfelinsbeciles.be\/index.php\/wp-json\/wp\/v2\/pages"}],"about":[{"href":"https:\/\/lesfelinsbeciles.be\/index.php\/wp-json\/wp\/v2\/types\/page"}],"author":[{"embeddable":true,"href":"https:\/\/lesfelinsbeciles.be\/index.php\/wp-json\/wp\/v2\/users\/1"}],"replies":[{"embeddable":true,"href":"https:\/\/lesfelinsbeciles.be\/index.php\/wp-json\/wp\/v2\/comments?post=250"}],"version-history":[{"count":5,"href":"https:\/\/lesfelinsbeciles.be\/index.php\/wp-json\/wp\/v2\/pages\/250\/revisions"}],"predecessor-version":[{"id":922,"href":"https:\/\/lesfelinsbeciles.be\/index.php\/wp-json\/wp\/v2\/pages\/250\/revisions\/922"}],"wp:attachment":[{"href":"https:\/\/lesfelinsbeciles.be\/index.php\/wp-json\/wp\/v2\/media?parent=250"}],"curies":[{"name":"wp","href":"https:\/\/api.w.org\/{rel}","templated":true}]}}